{"id":19,"date":"2023-10-04T21:13:16","date_gmt":"2023-10-04T19:13:16","guid":{"rendered":"http:\/\/c1392963.ferozo.com\/?page_id=19"},"modified":"2023-10-10T02:43:31","modified_gmt":"2023-10-10T00:43:31","slug":"nosotros","status":"publish","type":"page","link":"https:\/\/pueblochicounestilodevida.com.ar\/?page_id=19","title":{"rendered":"NOSOTROS"},"content":{"rendered":"\t\t<div data-elementor-type=\"wp-page\" data-elementor-id=\"19\" class=\"elementor elementor-19\">\n\t\t\t\t<div class=\"elementor-element elementor-element-8aa353c e-flex e-con-boxed e-con e-parent\" data-id=\"8aa353c\" data-element_type=\"container\" data-e-type=\"container\">\n\t\t\t\t\t<div class=\"e-con-inner\">\n\t\t<div class=\"elementor-element elementor-element-7c44f6e e-con-full e-flex e-con e-child\" data-id=\"7c44f6e\" data-element_type=\"container\" data-e-type=\"container\">\n\t\t\t\t<div class=\"elementor-element elementor-element-ed9c88a elementor-widget elementor-widget-heading\" data-id=\"ed9c88a\" data-element_type=\"widget\" data-e-type=\"widget\" data-widget_type=\"heading.default\">\n\t\t\t\t<div class=\"elementor-widget-container\">\n\t\t\t\t\t<h2 class=\"elementor-heading-title elementor-size-default\">PUEBLO CHICO<\/h2>\t\t\t\t<\/div>\n\t\t\t\t<\/div>\n\t\t\t\t<div class=\"elementor-element elementor-element-7a03b22 elementor-widget elementor-widget-text-editor\" data-id=\"7a03b22\" data-element_type=\"widget\" data-e-type=\"widget\" data-widget_type=\"text-editor.default\">\n\t\t\t\t<div class=\"elementor-widget-container\">\n\t\t\t\t\t\t\t\t\t<p>Surgi\u00f3 a partir de una visi\u00f3n compartida de un grupo de amigos sobre la vida sustentable y de calidad, por lo cual nos propusimos crear un lugar donde vivir que combine el atractivo de la sofiticaci\u00f3n r\u00fastica pampeana, la tranquilidad, la cercan\u00eda, la belleza de la naturaleza y su cuidado.<\/p>\t\t\t\t\t\t\t\t<\/div>\n\t\t\t\t<\/div>\n\t\t\t\t<\/div>\n\t\t<div class=\"elementor-element elementor-element-c95771a e-con-full e-flex e-con e-child\" data-id=\"c95771a\" data-element_type=\"container\" data-e-type=\"container\">\n\t\t\t\t<div class=\"elementor-element elementor-element-366924a elementor-widget elementor-widget-image\" data-id=\"366924a\" data-element_type=\"widget\" data-e-type=\"widget\" data-widget_type=\"image.default\">\n\t\t\t\t<div class=\"elementor-widget-container\">\n\t\t\t\t\t\t\t\t\t\t\t\t\t\t\t<img fetchpriority=\"high\" decoding=\"async\" width=\"1024\" height=\"768\" src=\"https:\/\/pueblochicounestilodevida.com.ar\/wp-content\/uploads\/2023\/10\/09052021-IMG_4152-1024x768.jpg\" class=\"attachment-large size-large wp-image-67\" alt=\"\" srcset=\"https:\/\/pueblochicounestilodevida.com.ar\/wp-content\/uploads\/2023\/10\/09052021-IMG_4152-1024x768.jpg 1024w, https:\/\/pueblochicounestilodevida.com.ar\/wp-content\/uploads\/2023\/10\/09052021-IMG_4152-300x225.jpg 300w, https:\/\/pueblochicounestilodevida.com.ar\/wp-content\/uploads\/2023\/10\/09052021-IMG_4152-768x576.jpg 768w, https:\/\/pueblochicounestilodevida.com.ar\/wp-content\/uploads\/2023\/10\/09052021-IMG_4152-1536x1152.jpg 1536w, https:\/\/pueblochicounestilodevida.com.ar\/wp-content\/uploads\/2023\/10\/09052021-IMG_4152-2048x1536.jpg 2048w\" sizes=\"(max-width: 1024px) 100vw, 1024px\" \/>\t\t\t\t\t\t\t\t\t\t\t\t\t\t\t<\/div>\n\t\t\t\t<\/div>\n\t\t\t\t<\/div>\n\t\t\t\t\t<\/div>\n\t\t\t\t<\/div>\n\t\t<div class=\"elementor-element elementor-element-653d639 e-flex e-con-boxed e-con e-parent\" data-id=\"653d639\" data-element_type=\"container\" data-e-type=\"container\">\n\t\t\t\t\t<div class=\"e-con-inner\">\n\t\t<div class=\"elementor-element elementor-element-ff1e365 e-con-full e-flex e-con e-child\" data-id=\"ff1e365\" data-element_type=\"container\" data-e-type=\"container\">\n\t\t\t\t<div class=\"elementor-element elementor-element-edc78eb elementor-widget elementor-widget-image\" data-id=\"edc78eb\" data-element_type=\"widget\" data-e-type=\"widget\" data-widget_type=\"image.default\">\n\t\t\t\t<div class=\"elementor-widget-container\">\n\t\t\t\t\t\t\t\t\t\t\t\t\t\t\t<img decoding=\"async\" width=\"1024\" height=\"576\" src=\"https:\/\/pueblochicounestilodevida.com.ar\/wp-content\/uploads\/2023\/10\/f54f6481-f500-4c0f-a63b-365a5650b99a-1024x576.jpg\" class=\"attachment-large size-large wp-image-127\" alt=\"\" srcset=\"https:\/\/pueblochicounestilodevida.com.ar\/wp-content\/uploads\/2023\/10\/f54f6481-f500-4c0f-a63b-365a5650b99a-1024x576.jpg 1024w, https:\/\/pueblochicounestilodevida.com.ar\/wp-content\/uploads\/2023\/10\/f54f6481-f500-4c0f-a63b-365a5650b99a-300x169.jpg 300w, https:\/\/pueblochicounestilodevida.com.ar\/wp-content\/uploads\/2023\/10\/f54f6481-f500-4c0f-a63b-365a5650b99a-768x432.jpg 768w, https:\/\/pueblochicounestilodevida.com.ar\/wp-content\/uploads\/2023\/10\/f54f6481-f500-4c0f-a63b-365a5650b99a-1536x864.jpg 1536w, https:\/\/pueblochicounestilodevida.com.ar\/wp-content\/uploads\/2023\/10\/f54f6481-f500-4c0f-a63b-365a5650b99a.jpg 1600w\" sizes=\"(max-width: 1024px) 100vw, 1024px\" \/>\t\t\t\t\t\t\t\t\t\t\t\t\t\t\t<\/div>\n\t\t\t\t<\/div>\n\t\t\t\t<\/div>\n\t\t<div class=\"elementor-element elementor-element-9c86a2d e-con-full e-flex e-con e-child\" data-id=\"9c86a2d\" data-element_type=\"container\" data-e-type=\"container\">\n\t\t\t\t<div class=\"elementor-element elementor-element-2dcd4c1 elementor-widget elementor-widget-text-editor\" data-id=\"2dcd4c1\" data-element_type=\"widget\" data-e-type=\"widget\" data-widget_type=\"text-editor.default\">\n\t\t\t\t<div class=\"elementor-widget-container\">\n\t\t\t\t\t\t\t\t\t<p>El proyecto est\u00e1 regido por criterios de est\u00e9tica y sustentabilidad, y para su concreci\u00f3n se deposit\u00f3 la confianza en un equipo interdisciplinario de reconocida trayectoria, donde todos aportaron sus conocimientos y experiencias para lograr Pueblo Chico.<\/p><p>Este desarrollo exclusivo se plasma en un predio excepcional, ubicado estrat\u00e9gicamente de 46 hect\u00e1reas, donde m\u00e1s de 7 de ellas est\u00e1n destinadas a espacios verdes dise\u00f1ados para comunicarlo integralmente en su interiror, y se encuentra rodeado por vegetaci\u00f3n centenaria que forma un cerco natural fascinante, que le brinda encanto, tranquilidad y seguridad.<\/p>\t\t\t\t\t\t\t\t<\/div>\n\t\t\t\t<\/div>\n\t\t\t\t<\/div>\n\t\t\t\t\t<\/div>\n\t\t\t\t<\/div>\n\t\t<div class=\"elementor-element elementor-element-52048fe e-flex e-con-boxed e-con e-parent\" data-id=\"52048fe\" data-element_type=\"container\" data-e-type=\"container\">\n\t\t\t\t\t<div class=\"e-con-inner\">\n\t\t\t\t<div class=\"elementor-element elementor-element-d303716 elementor-widget elementor-widget-heading\" data-id=\"d303716\" data-element_type=\"widget\" data-e-type=\"widget\" data-widget_type=\"heading.default\">\n\t\t\t\t<div class=\"elementor-widget-container\">\n\t\t\t\t\t<h2 class=\"elementor-heading-title elementor-size-default\">\"Pueblo Chico es una propuesta diferente,<br> combina tranquilidad, seguridad y contacto con la naturaleza\"<\/h2>\t\t\t\t<\/div>\n\t\t\t\t<\/div>\n\t\t\t\t<div class=\"elementor-element elementor-element-cdb6004 elementor-widget elementor-widget-text-editor\" data-id=\"cdb6004\" data-element_type=\"widget\" data-e-type=\"widget\" data-widget_type=\"text-editor.default\">\n\t\t\t\t<div class=\"elementor-widget-container\">\n\t\t\t\t\t\t\t\t\t<p>junto con la comodidad de la vida urbana. Est\u00e1 ubicado en el ejido urbano de la ciudad de Toay, y pr\u00f3ximo a Santa Rosa, capital de la Provincia de la Pampa. Pueblo Chico se concreta con el objetivo de desarrollar un lugar para que personas y familias disfruten de un estilo de vida en un entorno natural \u00fanico, con vistas exclusivas a los atardeceres pampeanos, en comuni\u00f3n con el ambiente y privilegiando la cercan\u00eda a los centros urbanos.<br \/>Surgi\u00f3 a partir de una visi\u00f3n compartida de un grupo de amigos sobre la vida sustentable y de calidad, por lo cual propusimos crear un lugar donde vivir que combine el atractivo de la sofiticaci\u00f3n r\u00fastica pampeana, la tranquilidad, la cercan\u00eda, la belleza de la naturaleza y su cuidado.<\/p>\t\t\t\t\t\t\t\t<\/div>\n\t\t\t\t<\/div>\n\t\t\t\t\t<\/div>\n\t\t\t\t<\/div>\n\t\t<div class=\"elementor-element elementor-element-e088b10 e-flex e-con-boxed e-con e-parent\" data-id=\"e088b10\" data-element_type=\"container\" data-e-type=\"container\">\n\t\t\t\t\t<div class=\"e-con-inner\">\n\t\t<div class=\"elementor-element elementor-element-302406e e-con-full e-flex e-con e-child\" data-id=\"302406e\" data-element_type=\"container\" data-e-type=\"container\">\n\t\t\t\t<div class=\"elementor-element elementor-element-19135ec elementor-widget elementor-widget-image\" data-id=\"19135ec\" data-element_type=\"widget\" data-e-type=\"widget\" data-widget_type=\"image.default\">\n\t\t\t\t<div class=\"elementor-widget-container\">\n\t\t\t\t\t\t\t\t\t\t\t\t\t\t\t<img decoding=\"async\" width=\"768\" height=\"1024\" src=\"https:\/\/pueblochicounestilodevida.com.ar\/wp-content\/uploads\/2023\/10\/09052021-IMG_4170-768x1024.jpg\" class=\"attachment-large size-large wp-image-68\" alt=\"\" srcset=\"https:\/\/pueblochicounestilodevida.com.ar\/wp-content\/uploads\/2023\/10\/09052021-IMG_4170-768x1024.jpg 768w, https:\/\/pueblochicounestilodevida.com.ar\/wp-content\/uploads\/2023\/10\/09052021-IMG_4170-225x300.jpg 225w, https:\/\/pueblochicounestilodevida.com.ar\/wp-content\/uploads\/2023\/10\/09052021-IMG_4170-1152x1536.jpg 1152w, https:\/\/pueblochicounestilodevida.com.ar\/wp-content\/uploads\/2023\/10\/09052021-IMG_4170-1536x2048.jpg 1536w, https:\/\/pueblochicounestilodevida.com.ar\/wp-content\/uploads\/2023\/10\/09052021-IMG_4170-scaled.jpg 1920w\" sizes=\"(max-width: 768px) 100vw, 768px\" \/>\t\t\t\t\t\t\t\t\t\t\t\t\t\t\t<\/div>\n\t\t\t\t<\/div>\n\t\t\t\t<\/div>\n\t\t<div class=\"elementor-element elementor-element-a008e8c e-con-full e-flex e-con e-child\" data-id=\"a008e8c\" data-element_type=\"container\" data-e-type=\"container\">\n\t\t\t\t<div class=\"elementor-element elementor-element-a3adec3 elementor-widget elementor-widget-text-editor\" data-id=\"a3adec3\" data-element_type=\"widget\" data-e-type=\"widget\" data-widget_type=\"text-editor.default\">\n\t\t\t\t<div class=\"elementor-widget-container\">\n\t\t\t\t\t\t\t\t\t<p>El proyecto est\u00e1 regido por criterios de est\u00e9tica y sustentabilidad, y para su concreci\u00f3n se deposit\u00f3 la confianza en un equipo interdisciplinario de reconocida trayectoria, donde aportaron sus conocimientos y experiencias para lograr Pueblo Chico.<br \/><br \/>Este desarrollo exclusivo se plasma en un predio excepcional, ubicado estrat\u00e9gicamente de 46 hect\u00e1reas, donde m\u00e1s de 7 de ellas est\u00e1n destinadas a espacios verdes dise\u00f1ados para comunicarlo integralmente en su interiror, y se encuentra rodeado por vegetaci\u00f3n centenaria que forma un cerco natural fascinante, que le brinda encanto, tranquilidad y seguridad. Cada terreno cuenta con un m\u00ednimo de 25 metros de frente y una superficie aproximada de 1.500 metros cuadrados.<br \/>Se privilegian los espacios amplios y la vida al aire libre, es por ello que se planific\u00f3 que m\u00e1s del 80% de los lotes se encuentren ubicados frente a generosos espacios verdes dise\u00f1ados con sendas aer\u00f3bicas seguras que conectan integralmente el desarrollo en su interior.<\/p>\t\t\t\t\t\t\t\t<\/div>\n\t\t\t\t<\/div>\n\t\t\t\t<\/div>\n\t\t\t\t\t<\/div>\n\t\t\t\t<\/div>\n\t\t\t\t<\/div>\n\t\t","protected":false},"excerpt":{"rendered":"<p>PUEBLO CHICO Surgi\u00f3 a partir de una visi\u00f3n compartida de un grupo de amigos sobre la vida sustentable y de calidad, por lo cual nos propusimos crear un lugar donde vivir que combine el atractivo de la sofiticaci\u00f3n r\u00fastica pampeana, la tranquilidad, la cercan\u00eda, la belleza de la naturaleza y su cuidado. El proyecto est\u00e1 [&hellip;]<\/p>\n","protected":false},"author":1,"featured_media":0,"parent":0,"menu_order":0,"comment_status":"closed","ping_status":"closed","template":"elementor_header_footer","meta":{"site-sidebar-layout":"no-sidebar","site-content-layout":"","ast-site-content-layout":"full-width-container","site-content-style":"default","site-sidebar-style":"default","ast-global-header-display":"","ast-banner-title-visibility":"","ast-main-header-display":"","ast-hfb-above-header-display":"","ast-hfb-below-header-display":"","ast-hfb-mobile-header-display":"","site-post-title":"disabled","ast-breadcrumbs-content":"","ast-featured-img":"disabled","footer-sml-layout":"","ast-disable-related-posts":"","theme-transparent-header-meta":"default","adv-header-id-meta":"","stick-header-meta":"","header-above-stick-meta":"","header-main-stick-meta":"","header-below-stick-meta":"","astra-migrate-meta-layouts":"set","ast-page-background-enabled":"default","ast-page-background-meta":{"desktop":{"background-color":"var(--ast-global-color-4)","background-image":"","background-repeat":"repeat","background-position":"center center","background-size":"auto","background-attachment":"scroll","background-type":"","background-media":"","overlay-type":"","overlay-color":"","overlay-opacity":"","overlay-gradient":""},"tablet":{"background-color":"","background-image":"","background-repeat":"repeat","background-position":"center center","background-size":"auto","background-attachment":"scroll","background-type":"","background-media":"","overlay-type":"","overlay-color":"","overlay-opacity":"","overlay-gradient":""},"mobile":{"background-color":"","background-image":"","background-repeat":"repeat","background-position":"center center","background-size":"auto","background-attachment":"scroll","background-type":"","background-media":"","overlay-type":"","overlay-color":"","overlay-opacity":"","overlay-gradient":""}},"ast-content-background-meta":{"desktop":{"background-color":"var(--ast-global-color-5)","background-image":"","background-repeat":"repeat","background-position":"center center","background-size":"auto","background-attachment":"scroll","background-type":"","background-media":"","overlay-type":"","overlay-color":"","overlay-opacity":"","overlay-gradient":""},"tablet":{"background-color":"var(--ast-global-color-5)","background-image":"","background-repeat":"repeat","background-position":"center center","background-size":"auto","background-attachment":"scroll","background-type":"","background-media":"","overlay-type":"","overlay-color":"","overlay-opacity":"","overlay-gradient":""},"mobile":{"background-color":"var(--ast-global-color-5)","background-image":"","background-repeat":"repeat","background-position":"center center","background-size":"auto","background-attachment":"scroll","background-type":"","background-media":"","overlay-type":"","overlay-color":"","overlay-opacity":"","overlay-gradient":""}},"footnotes":""},"class_list":["post-19","page","type-page","status-publish","hentry"],"_links":{"self":[{"href":"https:\/\/pueblochicounestilodevida.com.ar\/index.php?rest_route=\/wp\/v2\/pages\/19","targetHints":{"allow":["GET"]}}],"collection":[{"href":"https:\/\/pueblochicounestilodevida.com.ar\/index.php?rest_route=\/wp\/v2\/pages"}],"about":[{"href":"https:\/\/pueblochicounestilodevida.com.ar\/index.php?rest_route=\/wp\/v2\/types\/page"}],"author":[{"embeddable":true,"href":"https:\/\/pueblochicounestilodevida.com.ar\/index.php?rest_route=\/wp\/v2\/users\/1"}],"replies":[{"embeddable":true,"href":"https:\/\/pueblochicounestilodevida.com.ar\/index.php?rest_route=%2Fwp%2Fv2%2Fcomments&post=19"}],"version-history":[{"count":16,"href":"https:\/\/pueblochicounestilodevida.com.ar\/index.php?rest_route=\/wp\/v2\/pages\/19\/revisions"}],"predecessor-version":[{"id":319,"href":"https:\/\/pueblochicounestilodevida.com.ar\/index.php?rest_route=\/wp\/v2\/pages\/19\/revisions\/319"}],"wp:attachment":[{"href":"https:\/\/pueblochicounestilodevida.com.ar\/index.php?rest_route=%2Fwp%2Fv2%2Fmedia&parent=19"}],"curies":[{"name":"wp","href":"https:\/\/api.w.org\/{rel}","templated":true}]}}